{"id":262,"date":"2017-10-30T08:58:59","date_gmt":"2017-10-30T07:58:59","guid":{"rendered":"http:\/\/tvaruzkovyfestival.olomouc.eu\/?page_id=262"},"modified":"2019-08-28T11:20:36","modified_gmt":"2019-08-28T09:20:36","slug":"festival-2018","status":"publish","type":"page","link":"https:\/\/tvaruzkovyfestival.olomouc.eu\/de\/festival-2018\/","title":{"rendered":"Olomoucer Quargelfestival 201-"},"content":{"rendered":"<p>\n\t\t\t<!-- START top2018predde REVOLUTION SLIDER 6.6.20 --><p class=\"rs-p-wp-fix\"><\/p>\n\t\t\t<rs-module-wrap id=\"rev_slider_5_2_wrapper\" data-source=\"gallery\" style=\"visibility:hidden;background:transparent;padding:0;\">\n\t\t\t\t<rs-module id=\"rev_slider_5_2\" style=\"\" data-version=\"6.6.20\">\n\t\t\t\t\t<rs-slides style=\"overflow: hidden; position: absolute;\">\n\t\t\t\t\t\t<rs-slide style=\"position: absolute;\" data-key=\"rs-5\" data-title=\"Slide\" data-anim=\"adpr:false;\">\n\t\t\t\t\t\t\t<img decoding=\"async\" src=\"\/\/tvaruzkovyfestival.olomouc.eu\/wp-content\/plugins\/revslider\/public\/assets\/assets\/dummy.png\" alt=\"\" title=\"Olomoucer Quargelfestival 201-\" class=\"rev-slidebg tp-rs-img rs-lazyload\" data-lazyload=\"\/\/tvaruzkovyfestival.olomouc.eu\/wp-content\/uploads\/2016\/09\/festival-2016-129.jpg\" data-no-retina>\n<!--\n\t\t\t\t\t\t\t--><rs-layer\n\t\t\t\t\t\t\t\tid=\"slider-5-slide-5-layer-1\" \n\t\t\t\t\t\t\t\tdata-type=\"text\"\n\t\t\t\t\t\t\t\tdata-color=\"rgba(255,255,255,1)\"\n\t\t\t\t\t\t\t\tdata-rsp_ch=\"on\"\n\t\t\t\t\t\t\t\tdata-xy=\"x:c;xo:2px;y:c;yo:-126px;\"\n\t\t\t\t\t\t\t\tdata-text=\"w:normal;s:50;l:54;a:center;\"\n\t\t\t\t\t\t\t\tdata-dim=\"w:719px;\"\n\t\t\t\t\t\t\t\tdata-padding=\"t:10;r:10;b:15;l:10;\"\n\t\t\t\t\t\t\t\tdata-frame_0=\"y:-50px;tp:600;\"\n\t\t\t\t\t\t\t\tdata-frame_1=\"tp:600;e:power2.inOut;st:500;\"\n\t\t\t\t\t\t\t\tdata-frame_999=\"tp:600;e:nothing;st:w;\"\n\t\t\t\t\t\t\t\tstyle=\"z-index:5;background-color:rgba(196,117,0,0.50);font-family:'';\"\n\t\t\t\t\t\t\t>Olomoucer Quargelfestival \n\t\t\t\t\t\t\t<\/rs-layer><!--\n\n\t\t\t\t\t\t\t--><rs-layer\n\t\t\t\t\t\t\t\tid=\"slider-5-slide-5-layer-3\" \n\t\t\t\t\t\t\t\tdata-type=\"text\"\n\t\t\t\t\t\t\t\tdata-color=\"rgba(255,255,255,1)\"\n\t\t\t\t\t\t\t\tdata-rsp_ch=\"on\"\n\t\t\t\t\t\t\t\tdata-xy=\"x:c;xo:-13px;y:c;yo:-32px;\"\n\t\t\t\t\t\t\t\tdata-text=\"w:normal;s:50;l:54;a:center;\"\n\t\t\t\t\t\t\t\tdata-dim=\"w:458px;\"\n\t\t\t\t\t\t\t\tdata-padding=\"t:10;r:10;b:15;l:10;\"\n\t\t\t\t\t\t\t\tdata-frame_0=\"y:-50px;tp:600;\"\n\t\t\t\t\t\t\t\tdata-frame_1=\"tp:600;e:power2.inOut;st:500;\"\n\t\t\t\t\t\t\t\tdata-frame_999=\"tp:600;e:nothing;st:w;\"\n\t\t\t\t\t\t\t\tstyle=\"z-index:6;background-color:rgba(196,117,0,0.50);font-family:'';\"\n\t\t\t\t\t\t\t>18. - 19. 4. 2020 \n\t\t\t\t\t\t\t<\/rs-layer><!--\n\n\t\t\t\t\t\t\t--><rs-layer\n\t\t\t\t\t\t\t\tid=\"slider-5-slide-5-layer-4\" \n\t\t\t\t\t\t\t\tdata-type=\"text\"\n\t\t\t\t\t\t\t\tdata-color=\"rgba(255,255,255,1)\"\n\t\t\t\t\t\t\t\tdata-rsp_ch=\"on\"\n\t\t\t\t\t\t\t\tdata-xy=\"x:c;xo:-8px;y:c;yo:46px;\"\n\t\t\t\t\t\t\t\tdata-text=\"w:normal;s:30;l:30;a:center;\"\n\t\t\t\t\t\t\t\tdata-dim=\"w:844px;\"\n\t\t\t\t\t\t\t\tdata-padding=\"t:10;r:10;b:15;l:10;\"\n\t\t\t\t\t\t\t\tdata-frame_0=\"y:-50px;tp:600;\"\n\t\t\t\t\t\t\t\tdata-frame_1=\"tp:600;e:power2.inOut;st:500;\"\n\t\t\t\t\t\t\t\tdata-frame_999=\"tp:600;e:nothing;st:w;\"\n\t\t\t\t\t\t\t\tstyle=\"z-index:7;background-color:rgba(196,117,0,0.50);font-family:'';\"\n\t\t\t\t\t\t\t>Der f\u00fcnftens Jahrgang von Quargel-Geschmackserlebnis \n\t\t\t\t\t\t\t<\/rs-layer><!--\n\n\t\t\t\t\t\t\t--><rs-layer\n\t\t\t\t\t\t\t\tid=\"slider-5-slide-5-layer-5\" \n\t\t\t\t\t\t\t\tdata-type=\"text\"\n\t\t\t\t\t\t\t\tdata-color=\"rgba(255,255,255,1)\"\n\t\t\t\t\t\t\t\tdata-rsp_ch=\"on\"\n\t\t\t\t\t\t\t\tdata-xy=\"x:c;xo:-10px;y:c;yo:115px;\"\n\t\t\t\t\t\t\t\tdata-text=\"w:normal;s:25;l:30;a:center;\"\n\t\t\t\t\t\t\t\tdata-dim=\"w:962px;\"\n\t\t\t\t\t\t\t\tdata-padding=\"t:10;r:10;b:15;l:10;\"\n\t\t\t\t\t\t\t\tdata-frame_0=\"y:-50px;tp:600;\"\n\t\t\t\t\t\t\t\tdata-frame_1=\"tp:600;e:power2.inOut;st:500;\"\n\t\t\t\t\t\t\t\tdata-frame_999=\"tp:600;e:nothing;st:w;\"\n\t\t\t\t\t\t\t\tstyle=\"z-index:8;background-color:rgba(196,117,0,0.50);font-family:'';\"\n\t\t\t\t\t\t\t>Veranstaltungsort: Oberer und Unterer Marktplatz (Horn\u00ed und Doln\u00ed n\u00e1m\u011bst\u00ed) \n\t\t\t\t\t\t\t<\/rs-layer><!--\n-->\t\t\t\t\t\t<\/rs-slide>\n\t\t\t\t\t<\/rs-slides>\n\t\t\t\t<\/rs-module>\n\t\t\t\t<script>\n\t\t\t\t\tsetREVStartSize({c: 'rev_slider_5_2',rl:[1240,1024,778,480],el:[],gw:[1240],gh:[500],type:'hero',justify:'',layout:'fullscreen',offsetContainer:'',offset:'',mh:\"0\"});if (window.RS_MODULES!==undefined && window.RS_MODULES.modules!==undefined && window.RS_MODULES.modules[\"revslider52\"]!==undefined) {window.RS_MODULES.modules[\"revslider52\"].once = false;window.revapi5 = undefined;if (window.RS_MODULES.checkMinimal!==undefined) window.RS_MODULES.checkMinimal()}\n\t\t\t\t<\/script>\n\t\t\t<\/rs-module-wrap>\n\t\t\t<!-- END REVOLUTION SLIDER -->\n<\/p>","protected":false},"excerpt":{"rendered":"","protected":false},"author":1,"featured_media":0,"parent":0,"menu_order":0,"comment_status":"closed","ping_status":"closed","template":"","meta":{"footnotes":""},"class_list":["post-262","page","type-page","status-publish","hentry"],"_links":{"self":[{"href":"https:\/\/tvaruzkovyfestival.olomouc.eu\/de\/wp-json\/wp\/v2\/pages\/262","targetHints":{"allow":["GET"]}}],"collection":[{"href":"https:\/\/tvaruzkovyfestival.olomouc.eu\/de\/wp-json\/wp\/v2\/pages"}],"about":[{"href":"https:\/\/tvaruzkovyfestival.olomouc.eu\/de\/wp-json\/wp\/v2\/types\/page"}],"author":[{"embeddable":true,"href":"https:\/\/tvaruzkovyfestival.olomouc.eu\/de\/wp-json\/wp\/v2\/users\/1"}],"replies":[{"embeddable":true,"href":"https:\/\/tvaruzkovyfestival.olomouc.eu\/de\/wp-json\/wp\/v2\/comments?post=262"}],"version-history":[{"count":10,"href":"https:\/\/tvaruzkovyfestival.olomouc.eu\/de\/wp-json\/wp\/v2\/pages\/262\/revisions"}],"predecessor-version":[{"id":278,"href":"https:\/\/tvaruzkovyfestival.olomouc.eu\/de\/wp-json\/wp\/v2\/pages\/262\/revisions\/278"}],"wp:attachment":[{"href":"https:\/\/tvaruzkovyfestival.olomouc.eu\/de\/wp-json\/wp\/v2\/media?parent=262"}],"curies":[{"name":"wp","href":"https:\/\/api.w.org\/{rel}","templated":true}]}}