{"id":9,"date":"2016-09-19T12:49:05","date_gmt":"2016-09-19T10:49:05","guid":{"rendered":"http:\/\/tvaruzkovyfestival.olomouc.eu\/?page_id=9"},"modified":"2017-05-19T10:58:22","modified_gmt":"2017-05-19T08:58:22","slug":"tvaruzkovy-festival-2017","status":"publish","type":"page","link":"https:\/\/tvaruzkovyfestival.olomouc.eu\/de\/tvaruzkovy-festival-2017\/","title":{"rendered":"Tvar\u016f\u017ekov\u00fd festival 2017"},"content":{"rendered":"","protected":false},"excerpt":{"rendered":"","protected":false},"author":1,"featured_media":0,"parent":0,"menu_order":0,"comment_status":"closed","ping_status":"closed","template":"","meta":{"footnotes":""},"class_list":["post-9","page","type-page","status-publish","hentry"],"_links":{"self":[{"href":"https:\/\/tvaruzkovyfestival.olomouc.eu\/de\/wp-json\/wp\/v2\/pages\/9","targetHints":{"allow":["GET"]}}],"collection":[{"href":"https:\/\/tvaruzkovyfestival.olomouc.eu\/de\/wp-json\/wp\/v2\/pages"}],"about":[{"href":"https:\/\/tvaruzkovyfestival.olomouc.eu\/de\/wp-json\/wp\/v2\/types\/page"}],"author":[{"embeddable":true,"href":"https:\/\/tvaruzkovyfestival.olomouc.eu\/de\/wp-json\/wp\/v2\/users\/1"}],"replies":[{"embeddable":true,"href":"https:\/\/tvaruzkovyfestival.olomouc.eu\/de\/wp-json\/wp\/v2\/comments?post=9"}],"version-history":[{"count":8,"href":"https:\/\/tvaruzkovyfestival.olomouc.eu\/de\/wp-json\/wp\/v2\/pages\/9\/revisions"}],"predecessor-version":[{"id":100,"href":"https:\/\/tvaruzkovyfestival.olomouc.eu\/de\/wp-json\/wp\/v2\/pages\/9\/revisions\/100"}],"wp:attachment":[{"href":"https:\/\/tvaruzkovyfestival.olomouc.eu\/de\/wp-json\/wp\/v2\/media?parent=9"}],"curies":[{"name":"wp","href":"https:\/\/api.w.org\/{rel}","templated":true}]}}