{"id":276,"date":"2018-01-05T11:18:37","date_gmt":"2018-01-05T10:18:37","guid":{"rendered":"http:\/\/tvaruzkovyfestival.olomouc.eu\/?page_id=276"},"modified":"2018-08-30T13:10:03","modified_gmt":"2018-08-30T11:10:03","slug":"tvaruzkovy-festival-2017-8","status":"publish","type":"page","link":"https:\/\/tvaruzkovyfestival.olomouc.eu\/en\/tvaruzkovy-festival-2017-8\/","title":{"rendered":"Olomouck\u00e9 tvar\u016f\u017eky Cheese Festival 2018"},"content":{"rendered":"","protected":false},"excerpt":{"rendered":"","protected":false},"author":1,"featured_media":0,"parent":0,"menu_order":0,"comment_status":"closed","ping_status":"closed","template":"","meta":{"footnotes":""},"class_list":["post-276","page","type-page","status-publish","hentry"],"_links":{"self":[{"href":"https:\/\/tvaruzkovyfestival.olomouc.eu\/en\/wp-json\/wp\/v2\/pages\/276","targetHints":{"allow":["GET"]}}],"collection":[{"href":"https:\/\/tvaruzkovyfestival.olomouc.eu\/en\/wp-json\/wp\/v2\/pages"}],"about":[{"href":"https:\/\/tvaruzkovyfestival.olomouc.eu\/en\/wp-json\/wp\/v2\/types\/page"}],"author":[{"embeddable":true,"href":"https:\/\/tvaruzkovyfestival.olomouc.eu\/en\/wp-json\/wp\/v2\/users\/1"}],"replies":[{"embeddable":true,"href":"https:\/\/tvaruzkovyfestival.olomouc.eu\/en\/wp-json\/wp\/v2\/comments?post=276"}],"version-history":[{"count":2,"href":"https:\/\/tvaruzkovyfestival.olomouc.eu\/en\/wp-json\/wp\/v2\/pages\/276\/revisions"}],"predecessor-version":[{"id":279,"href":"https:\/\/tvaruzkovyfestival.olomouc.eu\/en\/wp-json\/wp\/v2\/pages\/276\/revisions\/279"}],"wp:attachment":[{"href":"https:\/\/tvaruzkovyfestival.olomouc.eu\/en\/wp-json\/wp\/v2\/media?parent=276"}],"curies":[{"name":"wp","href":"https:\/\/api.w.org\/{rel}","templated":true}]}}