{"id":640,"date":"2022-12-17T09:22:16","date_gmt":"2022-12-17T08:22:16","guid":{"rendered":"https:\/\/tvaruzkovyfestival.olomouc.eu\/?page_id=640"},"modified":"2023-04-19T21:16:12","modified_gmt":"2023-04-19T19:16:12","slug":"tvaruzkovy-festival-2023","status":"publish","type":"page","link":"https:\/\/tvaruzkovyfestival.olomouc.eu\/en\/tvaruzkovy-festival-2023\/","title":{"rendered":"Olomouck\u00e9 tvar\u016f\u017eky Cheese Festival 2023"},"content":{"rendered":"","protected":false},"excerpt":{"rendered":"","protected":false},"author":1,"featured_media":632,"parent":0,"menu_order":0,"comment_status":"closed","ping_status":"closed","template":"","meta":{"footnotes":""},"class_list":["post-640","page","type-page","status-publish","has-post-thumbnail","hentry"],"_links":{"self":[{"href":"https:\/\/tvaruzkovyfestival.olomouc.eu\/en\/wp-json\/wp\/v2\/pages\/640","targetHints":{"allow":["GET"]}}],"collection":[{"href":"https:\/\/tvaruzkovyfestival.olomouc.eu\/en\/wp-json\/wp\/v2\/pages"}],"about":[{"href":"https:\/\/tvaruzkovyfestival.olomouc.eu\/en\/wp-json\/wp\/v2\/types\/page"}],"author":[{"embeddable":true,"href":"https:\/\/tvaruzkovyfestival.olomouc.eu\/en\/wp-json\/wp\/v2\/users\/1"}],"replies":[{"embeddable":true,"href":"https:\/\/tvaruzkovyfestival.olomouc.eu\/en\/wp-json\/wp\/v2\/comments?post=640"}],"version-history":[{"count":5,"href":"https:\/\/tvaruzkovyfestival.olomouc.eu\/en\/wp-json\/wp\/v2\/pages\/640\/revisions"}],"predecessor-version":[{"id":713,"href":"https:\/\/tvaruzkovyfestival.olomouc.eu\/en\/wp-json\/wp\/v2\/pages\/640\/revisions\/713"}],"wp:featuredmedia":[{"embeddable":true,"href":"https:\/\/tvaruzkovyfestival.olomouc.eu\/en\/wp-json\/wp\/v2\/media\/632"}],"wp:attachment":[{"href":"https:\/\/tvaruzkovyfestival.olomouc.eu\/en\/wp-json\/wp\/v2\/media?parent=640"}],"curies":[{"name":"wp","href":"https:\/\/api.w.org\/{rel}","templated":true}]}}