{"id":262,"date":"2017-10-30T08:58:59","date_gmt":"2017-10-30T07:58:59","guid":{"rendered":"http:\/\/tvaruzkovyfestival.olomouc.eu\/?page_id=262"},"modified":"2019-08-28T11:20:36","modified_gmt":"2019-08-28T09:20:36","slug":"festival-2018","status":"publish","type":"page","link":"https:\/\/tvaruzkovyfestival.olomouc.eu\/pl\/festival-2018\/","title":{"rendered":"Tvar\u016f\u017ekov\u00fd festival 201-"},"content":{"rendered":"<p class=\"qtranxs-available-languages-message qtranxs-available-languages-message-pl\">Przepraszamy, ten wpis jest dost\u0119pny tylko w j\u0119zyku <a href=\"https:\/\/tvaruzkovyfestival.olomouc.eu\/en\/wp-json\/wp\/v2\/pages\/262\" class=\"qtranxs-available-language-link qtranxs-available-language-link-en\" title=\"English\">English<\/a> i <a href=\"https:\/\/tvaruzkovyfestival.olomouc.eu\/de\/wp-json\/wp\/v2\/pages\/262\" class=\"qtranxs-available-language-link qtranxs-available-language-link-de\" title=\"Deutsch\">Deutsch<\/a>.<\/p><p>\n\t\t\t<!-- START top2018preden REVOLUTION SLIDER 6.6.20 --><p class=\"rs-p-wp-fix\"><\/p>\n\t\t\t<rs-module-wrap id=\"rev_slider_4_1_wrapper\" data-source=\"gallery\" style=\"visibility:hidden;background:transparent;padding:0;\">\n\t\t\t\t<rs-module id=\"rev_slider_4_1\" style=\"\" data-version=\"6.6.20\">\n\t\t\t\t\t<rs-slides style=\"overflow: hidden; position: absolute;\">\n\t\t\t\t\t\t<rs-slide style=\"position: absolute;\" data-key=\"rs-4\" data-title=\"Slide\" data-anim=\"adpr:false;\">\n\t\t\t\t\t\t\t<img decoding=\"async\" src=\"\/\/tvaruzkovyfestival.olomouc.eu\/wp-content\/plugins\/revslider\/public\/assets\/assets\/dummy.png\" alt=\"\" title=\"Tvar\u016f\u017ekov\u00fd festival 201-\" class=\"rev-slidebg tp-rs-img rs-lazyload\" data-lazyload=\"\/\/tvaruzkovyfestival.olomouc.eu\/wp-content\/uploads\/2016\/09\/festival-2016-129.jpg\" data-no-retina>\n<!--\n\t\t\t\t\t\t\t--><rs-layer\n\t\t\t\t\t\t\t\tid=\"slider-4-slide-4-layer-1\" \n\t\t\t\t\t\t\t\tdata-type=\"text\"\n\t\t\t\t\t\t\t\tdata-color=\"rgba(255,255,255,1)\"\n\t\t\t\t\t\t\t\tdata-rsp_ch=\"on\"\n\t\t\t\t\t\t\t\tdata-xy=\"x:c;xo:1px;y:c;yo:-108px;\"\n\t\t\t\t\t\t\t\tdata-text=\"w:normal;s:50;l:54;a:center;\"\n\t\t\t\t\t\t\t\tdata-dim=\"w:908px;\"\n\t\t\t\t\t\t\t\tdata-padding=\"t:10;r:10;b:15;l:10;\"\n\t\t\t\t\t\t\t\tdata-frame_0=\"y:-50px;tp:600;\"\n\t\t\t\t\t\t\t\tdata-frame_1=\"tp:600;e:power2.inOut;st:500;\"\n\t\t\t\t\t\t\t\tdata-frame_999=\"tp:600;e:nothing;st:w;\"\n\t\t\t\t\t\t\t\tstyle=\"z-index:5;background-color:rgba(196,117,0,0.50);font-family:'';\"\n\t\t\t\t\t\t\t>Olomouck\u00e9 tvar\u016f\u017eky Cheese Festival \n\t\t\t\t\t\t\t<\/rs-layer><!--\n\n\t\t\t\t\t\t\t--><rs-layer\n\t\t\t\t\t\t\t\tid=\"slider-4-slide-4-layer-3\" \n\t\t\t\t\t\t\t\tdata-type=\"text\"\n\t\t\t\t\t\t\t\tdata-color=\"rgba(255,255,255,1)\"\n\t\t\t\t\t\t\t\tdata-rsp_ch=\"on\"\n\t\t\t\t\t\t\t\tdata-xy=\"x:c;xo:-12px;y:c;yo:-13px;\"\n\t\t\t\t\t\t\t\tdata-text=\"w:normal;s:50;l:54;a:center;\"\n\t\t\t\t\t\t\t\tdata-dim=\"w:425px;\"\n\t\t\t\t\t\t\t\tdata-padding=\"t:10;r:10;b:15;l:10;\"\n\t\t\t\t\t\t\t\tdata-frame_0=\"y:-50px;tp:600;\"\n\t\t\t\t\t\t\t\tdata-frame_1=\"tp:600;e:power2.inOut;st:500;\"\n\t\t\t\t\t\t\t\tdata-frame_999=\"tp:600;e:nothing;st:w;\"\n\t\t\t\t\t\t\t\tstyle=\"z-index:6;background-color:rgba(196,117,0,0.50);font-family:'';\"\n\t\t\t\t\t\t\t>18. - 19. 4. 2020 \n\t\t\t\t\t\t\t<\/rs-layer><!--\n\n\t\t\t\t\t\t\t--><rs-layer\n\t\t\t\t\t\t\t\tid=\"slider-4-slide-4-layer-4\" \n\t\t\t\t\t\t\t\tdata-type=\"text\"\n\t\t\t\t\t\t\t\tdata-color=\"rgba(255,255,255,1)\"\n\t\t\t\t\t\t\t\tdata-rsp_ch=\"on\"\n\t\t\t\t\t\t\t\tdata-xy=\"x:c;xo:-7px;y:c;yo:70px;\"\n\t\t\t\t\t\t\t\tdata-text=\"w:normal;s:30;l:30;a:center;\"\n\t\t\t\t\t\t\t\tdata-dim=\"w:843px;\"\n\t\t\t\t\t\t\t\tdata-padding=\"t:10;r:10;b:15;l:10;\"\n\t\t\t\t\t\t\t\tdata-frame_0=\"y:-50px;tp:600;\"\n\t\t\t\t\t\t\t\tdata-frame_1=\"tp:600;e:power2.inOut;st:500;\"\n\t\t\t\t\t\t\t\tdata-frame_999=\"tp:600;e:nothing;st:w;\"\n\t\t\t\t\t\t\t\tstyle=\"z-index:7;background-color:rgba(196,117,0,0.50);font-family:'';\"\n\t\t\t\t\t\t\t>The 5th  annual of \"tvar\u016f\u017eky\" cheese tasting experience \n\t\t\t\t\t\t\t<\/rs-layer><!--\n\n\t\t\t\t\t\t\t--><rs-layer\n\t\t\t\t\t\t\t\tid=\"slider-4-slide-4-layer-5\" \n\t\t\t\t\t\t\t\tdata-type=\"text\"\n\t\t\t\t\t\t\t\tdata-color=\"rgba(255,255,255,1)\"\n\t\t\t\t\t\t\t\tdata-rsp_ch=\"on\"\n\t\t\t\t\t\t\t\tdata-xy=\"x:c;xo:-10px;y:c;yo:140px;\"\n\t\t\t\t\t\t\t\tdata-text=\"w:normal;s:25;l:30;a:center;\"\n\t\t\t\t\t\t\t\tdata-dim=\"w:752px;\"\n\t\t\t\t\t\t\t\tdata-padding=\"t:10;r:10;b:15;l:10;\"\n\t\t\t\t\t\t\t\tdata-frame_0=\"y:-50px;tp:600;\"\n\t\t\t\t\t\t\t\tdata-frame_1=\"tp:600;e:power2.inOut;st:500;\"\n\t\t\t\t\t\t\t\tdata-frame_999=\"tp:600;e:nothing;st:w;\"\n\t\t\t\t\t\t\t\tstyle=\"z-index:8;background-color:rgba(196,117,0,0.50);font-family:'';\"\n\t\t\t\t\t\t\t>Venue: Upper and Lower Square (Horn\u00ed and Doln\u00ed n\u00e1m\u011bst\u00ed) \n\t\t\t\t\t\t\t<\/rs-layer><!--\n-->\t\t\t\t\t\t<\/rs-slide>\n\t\t\t\t\t<\/rs-slides>\n\t\t\t\t<\/rs-module>\n\t\t\t\t<script>\n\t\t\t\t\tsetREVStartSize({c: 'rev_slider_4_1',rl:[1240,1024,778,480],el:[],gw:[1240],gh:[500],type:'hero',justify:'',layout:'fullscreen',offsetContainer:'',offset:'',mh:\"0\"});if (window.RS_MODULES!==undefined && window.RS_MODULES.modules!==undefined && window.RS_MODULES.modules[\"revslider41\"]!==undefined) {window.RS_MODULES.modules[\"revslider41\"].once = false;window.revapi4 = undefined;if (window.RS_MODULES.checkMinimal!==undefined) window.RS_MODULES.checkMinimal()}\n\t\t\t\t<\/script>\n\t\t\t<\/rs-module-wrap>\n\t\t\t<!-- END REVOLUTION SLIDER -->\n<\/p>","protected":false},"excerpt":{"rendered":"","protected":false},"author":1,"featured_media":0,"parent":0,"menu_order":0,"comment_status":"closed","ping_status":"closed","template":"","meta":{"footnotes":""},"class_list":["post-262","page","type-page","status-publish","hentry"],"_links":{"self":[{"href":"https:\/\/tvaruzkovyfestival.olomouc.eu\/pl\/wp-json\/wp\/v2\/pages\/262","targetHints":{"allow":["GET"]}}],"collection":[{"href":"https:\/\/tvaruzkovyfestival.olomouc.eu\/pl\/wp-json\/wp\/v2\/pages"}],"about":[{"href":"https:\/\/tvaruzkovyfestival.olomouc.eu\/pl\/wp-json\/wp\/v2\/types\/page"}],"author":[{"embeddable":true,"href":"https:\/\/tvaruzkovyfestival.olomouc.eu\/pl\/wp-json\/wp\/v2\/users\/1"}],"replies":[{"embeddable":true,"href":"https:\/\/tvaruzkovyfestival.olomouc.eu\/pl\/wp-json\/wp\/v2\/comments?post=262"}],"version-history":[{"count":10,"href":"https:\/\/tvaruzkovyfestival.olomouc.eu\/pl\/wp-json\/wp\/v2\/pages\/262\/revisions"}],"predecessor-version":[{"id":278,"href":"https:\/\/tvaruzkovyfestival.olomouc.eu\/pl\/wp-json\/wp\/v2\/pages\/262\/revisions\/278"}],"wp:attachment":[{"href":"https:\/\/tvaruzkovyfestival.olomouc.eu\/pl\/wp-json\/wp\/v2\/media?parent=262"}],"curies":[{"name":"wp","href":"https:\/\/api.w.org\/{rel}","templated":true}]}}